{"id":46,"date":"2015-05-02T21:52:22","date_gmt":"2015-05-02T20:52:22","guid":{"rendered":"http:\/\/www.xn--hany-samfunnshus-nxb.no\/?page_id=46"},"modified":"2015-05-02T21:52:22","modified_gmt":"2015-05-02T20:52:22","slug":"prolog","status":"publish","type":"page","link":"http:\/\/www.xn--hany-samfunnshus-nxb.no\/?page_id=46","title":{"rendered":"Prolog"},"content":{"rendered":"<p><b><span style=\"color: #333399; font-family: Verdana, Arial, Helvetica, sans-serif;\"><em>Prolog ved \u00e5pning av Han\u00f8y Samfunnshus<br \/>\n<\/em><br \/>\n<\/span><\/b><span style=\"font-family: Verdana, Arial, Helvetica, sans-serif;\">Eg st\u00e5r her s\u00e5 kry eg er reint betatt<br \/>\ndet er som \u00e5 ha vakna i ei beksvart natt<br \/>\nSj\u00e5 tussa og troll i kvar einaste kr\u00e5<br \/>\nog tru eg er kommen i bergje det bl\u00e5<\/p>\n<p>S\u00e5 blir det og kviskra kom her,<br \/>\nkom her skal du sj\u00e5,<br \/>\nog heldigvis eg er ikkje Jeppe<br \/>\nsom vakna i rus p\u00e5 baronen sitt teppe.<br \/>\n<\/span><\/p>\n<p><span style=\"font-family: Verdana, Arial, Helvetica, sans-serif;\">For detta er et verkjela slott,<br \/>\nsom er voksen fram av samhold og tr\u00e5tt.<br \/>\nBygd i fr\u00e5 grunnen av bygdas folk<br \/>\nog det p\u00e5 ein heller liten bolk.<br \/>\n<\/span><\/p>\n<p><span style=\"font-family: Verdana, Arial, Helvetica, sans-serif;\">Det var i 1981 og 1982<br \/>\nat ungdomslaget for alvor forsto<br \/>\nskulle vi et hus i bygda f\u00e5,<br \/>\ndei ikke \u00e5leina kunne st\u00e5.<br \/>\n<\/span><\/p>\n<p><span style=\"font-family: Verdana, Arial, Helvetica, sans-serif;\">No hadde dei lengje nok levd i den trua,<br \/>\nfor planen var eldre enn Ask\u00f8ybrua.<br \/>\nTomten hadde dei, lun og stor,<br \/>\ndet fantes knapt maken i s\u00f8r eller nord.<br \/>\n<\/span><\/p>\n<p><span style=\"font-family: Verdana, Arial, Helvetica, sans-serif;\">So samla dei laga av alle slag og saman<br \/>\nvalgde dei seg eit dugande styre,<br \/>\nmen desse fekk jammen si fulla hyre,<br \/>\nfyst va da no vatten og so va da vei<br \/>\nog koloakken den va no slett ikkje grei.<br \/>\n<\/span><\/p>\n<p><span style=\"font-family: Verdana, Arial, Helvetica, sans-serif;\">Eg kan no nevna et lite prov<br \/>\np\u00e5 to som l\u00e5g ned ved sjyden og grov,<br \/>\n\u00c5ge han var i froskemannsdrakt<br \/>\nmens Frode oppe i b\u00e5ten sat vakt.<br \/>\n<\/span><\/p>\n<p><span style=\"font-family: Verdana, Arial, Helvetica, sans-serif;\">F\u00f8lk som for framom, dei sa,<br \/>\nkva er detta for tull,<br \/>\nmens andre dei skjemta, skal tru dei fint gull.<br \/>\nAndre berre foraktlaus fnaus,<br \/>\ndei der to m\u00e5 no vist ha ein skrue laus.<br \/>\nMen dei fant no da dei lette etter til sist<br \/>\nog da va no bra, det er sant og vist.<br \/>\n<\/span><\/p>\n<p><span style=\"font-family: Verdana, Arial, Helvetica, sans-serif;\">Og alle i styret dei samlast no<br \/>\ndei gav ikkje opp og dei tok ikkje ro,<br \/>\ndei titt kom i saman, dei skreiv og dei s\u00f8kte<br \/>\nom alt som l\u00e5g opp i bakh\u00f8ve og sp\u00f8kte.<br \/>\n<\/span><\/p>\n<p><span style=\"font-family: Verdana, Arial, Helvetica, sans-serif;\">M\u00f8ta vart m\u00e5nge og kveldane l\u00e5nge,<br \/>\n<\/span><span style=\"font-family: Verdana, Arial, Helvetica, sans-serif;\">ja ofte dei varte til l\u00e5ngt p\u00e5 natt<br \/>\nso n\u00e5r dagen den kom var dei tr\u00f8tte og matt,<br \/>\nmen eg har ikkje h\u00f8rt at n\u00e5ken har<br \/>\nsparken f\u00e5tt,<br \/>\ns\u00e5 n\u00e5r enden er god s\u00e5 er allting godt.<br \/>\n<\/span><\/p>\n<p><span style=\"font-family: Verdana, Arial, Helvetica, sans-serif;\">Og endeleg so gjekk da mot byggjestart,<br \/>\nno vart da spenning og no vart da fart.<br \/>\nEin byggjeleiar dei m\u00e5tte ha<br \/>\nog dei fekk ein kar som var retteleg bra.<\/span><\/p>\n<p><span style=\"font-family: Verdana, Arial, Helvetica, sans-serif;\">Ja, han var no ikkje s\u00e5 bra heilt i bena<br \/>\neller kroppen,<br \/>\nmen han var no heilt perpekt opp i toppen.<br \/>\nDugnadsgjengane m\u00f8tte opp<br \/>\nog arbeidet gjekk utan minste stopp.<br \/>\n<\/span><\/p>\n<p><span style=\"font-family: Verdana, Arial, Helvetica, sans-serif;\">Anleggsmaskiner og store bilar,<br \/>\ndurde i vei s\u00e5 da kunne h\u00f8rast p\u00e5 l\u00e5ngande<br \/>\nlei og byggjeleiar han passa p\u00e5.<br \/>\nSo ingen ting skulle gale g\u00e5.<br \/>\n<\/span><\/p>\n<p><span style=\"font-family: Verdana, Arial, Helvetica, sans-serif;\">Men bilane dei f\u00f8lte seg stonno litt fri,<br \/>\nvi burde hatt trafikkpoliti.<br \/>\nEin lastebil heilt utan sj\u00e5f\u00f8r,<br \/>\nein dag la i vei, i et fela kj\u00f8r.<br \/>\n<\/span><\/p>\n<p><span style=\"font-family: Verdana, Arial, Helvetica, sans-serif;\">Ei bobla som framfor i veien stod,<br \/>\nho fekk seg ein dult, og dei for ut p\u00e5 tur<br \/>\nbeggje to<br \/>\nog da blei ein riktig heisa tur,<br \/>\ndei stansa ikkje f\u00f8r dei m\u00f8tte ein mur.<br \/>\n<\/span><\/p>\n<p><span style=\"font-family: Verdana, Arial, Helvetica, sans-serif;\">Og d\u00e5 va dei kommen heilt til sj\u00f8ss,<br \/>\nog dar fikk boblo sin siste kyss.<br \/>\nFrode stod som meisla i stein,<br \/>\nda va vist so han ikkje grein.<br \/>\n<\/span><\/p>\n<p><span style=\"font-family: Verdana, Arial, Helvetica, sans-serif;\">Og da va no ikkje s\u00e5 l\u00f8ye, at han var stuss<br \/>\nhan lengje m\u00e5tte haika. eller ta buss.<br \/>\nMen n\u00e5r da f\u00f8rst so gale skulle g\u00e5<br \/>\nso va da no eit hell at da ikkje va n\u00e5ken p\u00e5<br \/>\nveien te sj\u00e5.<br \/>\n<\/span><\/p>\n<p><span style=\"font-family: Verdana, Arial, Helvetica, sans-serif;\">Dugnadsgjengane store og sm\u00e5,<br \/>\ndei fortsett \u00e5 kava p\u00e5<br \/>\nog at vi p\u00e5 Han\u00f8y har flinke folk utav<br \/>\nm\u00e5nge slag<br \/>\ndet har vi f\u00e5tt vist her i dag.<\/span><\/p>\n<p><span style=\"font-family: Verdana, Arial, Helvetica, sans-serif;\">Og hadde vi mykkje penga hatt<br \/>\ns\u00e5 burde dei mange medalja ha f\u00e5tt,<br \/>\nmen da ligg ikkje f\u00f8r oss \u00e5 skrika s\u00e5 stort,<br \/>\nog so er da vel da f\u00f8r vi meira f\u00e5r gjort.<br \/>\n<\/span><\/p>\n<p><span style=\"font-family: Verdana, Arial, Helvetica, sans-serif;\">Arrangements komiteen, den m\u00e5 vi<br \/>\nikkje gl\u00f8yma<br \/>\nfor den har s\u00e5 vist ikkje hatt tid til \u00e5 dr\u00f8yma.<br \/>\nSt\u00f8tt so va kassen i pengaknipa<br \/>\nog at alvoret sp\u00f8kte da m\u00e5 alle begripa.<br \/>\n<\/span><\/p>\n<p><span style=\"font-family: Verdana, Arial, Helvetica, sans-serif;\">Stondo dei visste ikkje si arma r\u00e5d<br \/>\nka dei til sist skulle finna p\u00e5.<br \/>\nDei f\u00f8lte seg ofte som svoltne gribba<br \/>\nsom for om kring \u00e5 ville kver mann ribba.<br \/>\n<\/span><\/p>\n<p><span style=\"font-family: Verdana, Arial, Helvetica, sans-serif;\">Og n\u00e5r vi her p\u00e5 Han\u00f8y var tomme for slant<br \/>\ndei gladeleg andre beitemarker seg fant.<br \/>\nDei for rondt p\u00e5 Ask\u00f8y dei smilte s\u00e5 glad,<br \/>\nfolk kj\u00f8pte vel lodd for \u00e5 f\u00e5 dei av stad.<br \/>\nOg om b\u00e5de bildekk og sko har blitt slitt<br \/>\ns\u00e5 f\u00e5r dei sola seg i at dei &laquo;kjendisa&raquo; er blitt.<br \/>\n<\/span><\/p>\n<p><span style=\"font-family: Verdana, Arial, Helvetica, sans-serif;\">Og so vil vi takka dei modige, kvinner og menn<br \/>\nsom stridde for oss s\u00e5 vi sm\u00e5tt om sen<br \/>\nfekk pengar litt her og litt der,<br \/>\nberre da et eventyr er.<br \/>\n<\/span><\/p>\n<p><span style=\"font-family: Verdana, Arial, Helvetica, sans-serif;\">For dersom du bur i ei utkantsbygd<br \/>\ns\u00e5 skal du helst venta til du f\u00e5r trygd,<br \/>\nd\u00e5 treng du ikkje fara i hytt og ver<br \/>\ndersom handelsmannen ikkje legg ner.<br \/>\nAlle skal sj\u00f8lsagt vera med \u00e5 baka,<br \/>\nmen vi skal n\u00e5 ikkje dela likt utav kaka.<br \/>\n<\/span><\/p>\n<p><span style=\"font-family: Verdana, Arial, Helvetica, sans-serif;\">\u00c5 syta \u00e5 masa det pleie ikkje \u00e5 nytta<br \/>\ner du ikkje tilfreds s\u00e5 kan du flytta.<br \/>\nFlytta til sentrum og bu i blokk,<br \/>\nd\u00e5 kan du saman meira lyfta i flokk.<br \/>\n<\/span><\/p>\n<p><span style=\"font-family: Verdana, Arial, Helvetica, sans-serif;\">Der e det s\u00e5 mykkje snakk om \u00e5 byggja eit<br \/>\ndrusteleg hus<br \/>\ns\u00e5 romma skal b\u00e5de mann og mus.<br \/>\nEt hus som kunne gje Ask\u00f8y ry,<br \/>\ns\u00e5 da kan sp\u00f8rjast b\u00e5de i bygd og by,<br \/>\nmen forel\u00f8pig er det no vist lagt p\u00e5 is,<br \/>\nfor kommunekassen den har forlist.<br \/>\n<\/span><\/p>\n<p><span style=\"font-family: Verdana, Arial, Helvetica, sans-serif;\">Eg hugsar kva bestemor ofte sa<br \/>\nn\u00e5r det va n\u00e5ke vi onga maste p\u00e5 vi sku ha,<br \/>\nmed pengar skal ein varsomt vandla,<br \/>\nfor det er n\u00e5r narret kjem til bydn at<br \/>\nkremmaren f\u00e5r handla<br \/>\n<\/span><\/p>\n<p><span style=\"font-family: Verdana, Arial, Helvetica, sans-serif;\">Etter som \u00e5rena og dagane g\u00e5r<br \/>\ner det s\u00e5 mykkje eg ikkje forst\u00e5r.<br \/>\nDetta fina ordet kultur<br \/>\ndet skapast vel best om du trivst der du bur<br \/>\nog dersom utkants bygdene m\u00e5 forg\u00e5<br \/>\nkorleis vert det med kulturen v\u00e5r d\u00e5?<\/span><\/p>\n<p><span style=\"font-family: Verdana, Arial, Helvetica, sans-serif;\">Men eg er vel for gammal til slikt \u00e5 forst\u00e5,<br \/>\neg trur no at vi som p\u00e5 Han\u00f8y bur<br \/>\nog har da fritt, i ein barsk natur,<br \/>\nvi kjem nok ikkje til \u00e5 trivast i bur.<br \/>\n<\/span><\/p>\n<p><span style=\"font-family: Verdana, Arial, Helvetica, sans-serif;\">Nei, vi lyt nok fortsatt kava p\u00e5,<br \/>\nno skal vi vist ogs\u00e5 barnehage f\u00e5.<br \/>\nVi har det for ansamt til \u00e5 sittja \u00e5 syte,<br \/>\nvi blir her p\u00e5 Han\u00f8y, og vil ikkje byta.<br \/>\n<\/span><\/p>\n<p><span style=\"font-family: Verdana, Arial, Helvetica, sans-serif;\">Og so vil eg h\u00e5pa at huset skal bli<br \/>\nein stad der vi f\u00f8ler oss heime i.<br \/>\nTil nytte for store som vel for sm\u00e5<br \/>\nd\u00e5 vil vi l\u00f8n for strevet v\u00e5rt f\u00e5.<br \/>\nOg eg ynskjer til lokka med kvardagar<br \/>\nog festar,<br \/>\nn\u00e5r vi er for soss sj\u00f8l og n\u00e5r vi har gjestar.<br \/>\n<\/span><\/p>\n<p><span style=\"font-family: Verdana, Arial, Helvetica, sans-serif;\"><em>Gudrun Johansen<\/em><\/span><\/p>\n","protected":false},"excerpt":{"rendered":"<p>Prolog ved \u00e5pning av Han\u00f8y Samfunnshus Eg st\u00e5r her s\u00e5 kry eg er reint betatt det er som \u00e5 ha vakna i ei beksvart natt Sj\u00e5 tussa og troll i kvar einaste kr\u00e5 og tru eg er kommen i bergje det bl\u00e5 S\u00e5 blir det og kviskra kom her, kom her skal du sj\u00e5, og &hellip; <a href=\"http:\/\/www.xn--hany-samfunnshus-nxb.no\/?page_id=46\" class=\"more-link\">Fortsett \u00e5 lese <span class=\"screen-reader-text\">Prolog<\/span><\/a><\/p>\n","protected":false},"author":1,"featured_media":0,"parent":0,"menu_order":0,"comment_status":"open","ping_status":"open","template":"","meta":{"jetpack_post_was_ever_published":false},"jetpack_sharing_enabled":true,"jetpack_shortlink":"https:\/\/wp.me\/P7vwCw-K","jetpack-related-posts":[{"id":163,"url":"http:\/\/www.xn--hany-samfunnshus-nxb.no\/?page_id=163","url_meta":{"origin":46,"position":0},"title":"Utleiebetingelser","date":"25. august 2017","format":false,"excerpt":"\u00a0 Det blir skrevet en kontrakt som m\u00e5 leses, underskrives og returneres til utleier. Prosedyre av brannvarslingsanlegget avtales f\u00f8r utleiesdato. Leietaker m\u00e5 v\u00e6re minimum 25 \u00e5r. Det er ikke mulig \u00e5 feire dager til personer under 25 \u00e5r. Kontrakt ved leie av Han\u00f8y Samfunnshus Han\u00f8y Samfunnshus som utleier og __________________\u2026","rel":"","context":"Liknende innlegg","img":{"alt_text":"","src":"","width":0,"height":0},"classes":[]},{"id":10,"url":"http:\/\/www.xn--hany-samfunnshus-nxb.no\/?page_id=10","url_meta":{"origin":46,"position":1},"title":"Historie","date":"23. februar 2015","format":false,"excerpt":"N\u00e5r det skal fortelles noe om historien til Han\u00f8y Samfunnshus, s\u00e5 er prologen til Gudrun Johansen ved \u00e5pningen av huset, kanskje det som best kan beskrive den. Prologen var s\u00e5 godt skrevet at ordf\u00f8rerengav honn\u00f8r, da han holdt sin festtale ved\u00e5pningen av huset. Gudrun Johansen har gitt oss tillatelse til\u2026","rel":"","context":"Liknende innlegg","img":{"alt_text":"","src":"","width":0,"height":0},"classes":[]},{"id":19,"url":"http:\/\/www.xn--hany-samfunnshus-nxb.no\/?page_id=19","url_meta":{"origin":46,"position":2},"title":"Priser","date":"23. februar 2015","format":false,"excerpt":"Leie av hele huset (inkludert vask): kr 6000,- Leie av storsal med kj\u00f8kken (inkludert vask) 5000,- Leie av sm\u00e5salen og m\/kj\u00f8kken (inkludert vask): kr 3000,- Leie i ukedagene til lagsaktiviteter mandag til torsdag: kr 500,- dette inneb\u00e6rer at de som leier vasker selv. Leie for ekstra dag til dekking er\u2026","rel":"","context":"Liknende innlegg","img":{"alt_text":"","src":"","width":0,"height":0},"classes":[]},{"id":28,"url":"http:\/\/www.xn--hany-samfunnshus-nxb.no\/?page_id=28","url_meta":{"origin":46,"position":3},"title":"Bestilling\/booking","date":"23. februar 2015","format":false,"excerpt":"\u00a0 For \u00e5 bestille velger du de dagene du \u00f8nsker og fyller ut alle feltene. Det er lurt \u00e5 fylle ut beskrivelse s\u00e5 godt som du kan. Dekking dagen f\u00f8r koster 1000,-\u00a0 Husk \u00e5 legge inn bestilling p\u00e5 den dagen ogs\u00e5. Det er ikke mulig \u00e5 reservere flere helger p\u00e5\u2026","rel":"","context":"Liknende innlegg","img":{"alt_text":"","src":"","width":0,"height":0},"classes":[]},{"id":25,"url":"http:\/\/www.xn--hany-samfunnshus-nxb.no\/?page_id=25","url_meta":{"origin":46,"position":4},"title":"Hoveside","date":"23. februar 2015","format":false,"excerpt":"Han\u00f8y Samfunnshus eies av andelshavere der i blant U. L. Sj\u00f8lund, Han\u00f8y Folkedansering, Han\u00f8y Skolemusikk, Vestsiden-Ask\u00f8y IL og sv\u00e6rt mange privatpersoner. Huset drives p\u00e5 dugnad av et styre som representerer eierne. Kjeller leies ut til Ask\u00f8y Kommune som barnehage og til Ask\u00f8y skytterlag Huset leies ogs\u00e5 ut til fritidsaktiviteter. Lett\u2026","rel":"","context":"Liknende innlegg","img":{"alt_text":"","src":"","width":0,"height":0},"classes":[]}],"_links":{"self":[{"href":"http:\/\/www.xn--hany-samfunnshus-nxb.no\/index.php?rest_route=\/wp\/v2\/pages\/46"}],"collection":[{"href":"http:\/\/www.xn--hany-samfunnshus-nxb.no\/index.php?rest_route=\/wp\/v2\/pages"}],"about":[{"href":"http:\/\/www.xn--hany-samfunnshus-nxb.no\/index.php?rest_route=\/wp\/v2\/types\/page"}],"author":[{"embeddable":true,"href":"http:\/\/www.xn--hany-samfunnshus-nxb.no\/index.php?rest_route=\/wp\/v2\/users\/1"}],"replies":[{"embeddable":true,"href":"http:\/\/www.xn--hany-samfunnshus-nxb.no\/index.php?rest_route=%2Fwp%2Fv2%2Fcomments&post=46"}],"version-history":[{"count":1,"href":"http:\/\/www.xn--hany-samfunnshus-nxb.no\/index.php?rest_route=\/wp\/v2\/pages\/46\/revisions"}],"predecessor-version":[{"id":47,"href":"http:\/\/www.xn--hany-samfunnshus-nxb.no\/index.php?rest_route=\/wp\/v2\/pages\/46\/revisions\/47"}],"wp:attachment":[{"href":"http:\/\/www.xn--hany-samfunnshus-nxb.no\/index.php?rest_route=%2Fwp%2Fv2%2Fmedia&parent=46"}],"curies":[{"name":"wp","href":"https:\/\/api.w.org\/{rel}","templated":true}]}}